{"id":113,"date":"2020-03-31T08:27:03","date_gmt":"2020-03-31T08:27:03","guid":{"rendered":"http:\/\/localhost:81\/lrweb\/?page_id=113"},"modified":"2023-02-27T06:53:25","modified_gmt":"2023-02-27T06:53:25","slug":"empresa","status":"publish","type":"page","link":"https:\/\/www.lrproducts.net\/eng\/empresa\/","title":{"rendered":"Company"},"content":{"rendered":"<div data-elementor-type=\"wp-page\" data-elementor-id=\"113\" class=\"elementor elementor-113\">\n\t\t\t\t\t\t<section class=\"elementor-section elementor-top-section elementor-element elementor-element-5f9e391 elementor-section-stretched elementor-section-boxed elementor-section-height-default elementor-section-height-default\" data-id=\"5f9e391\" data-element_type=\"section\" data-settings=\"{&quot;stretch_section&quot;:&quot;section-stretched&quot;,&quot;background_background&quot;:&quot;classic&quot;}\">\n\t\t\t\t\t\t<div class=\"elementor-container elementor-column-gap-default\">\n\t\t\t\t\t<div class=\"elementor-column elementor-col-100 elementor-top-column elementor-element elementor-element-6ca9717\" data-id=\"6ca9717\" data-element_type=\"column\">\n\t\t\t<div class=\"elementor-widget-wrap elementor-element-populated\">\n\t\t\t\t\t\t<div class=\"elementor-element elementor-element-3f21093 elementor-widget elementor-widget-heading\" data-id=\"3f21093\" data-element_type=\"widget\" data-widget_type=\"heading.default\">\n\t\t\t\t<div class=\"elementor-widget-container\">\n\t\t\t\t\t<h2 class=\"elementor-heading-title elementor-size-default\">Who we are?<\/h2>\t\t\t\t<\/div>\n\t\t\t\t<\/div>\n\t\t\t\t\t<\/div>\n\t\t<\/div>\n\t\t\t\t\t<\/div>\n\t\t<\/section>\n\t\t\t\t<section class=\"elementor-section elementor-top-section elementor-element elementor-element-e4b145a elementor-section-stretched elementor-section-boxed elementor-section-height-default elementor-section-height-default\" data-id=\"e4b145a\" data-element_type=\"section\" data-settings=\"{&quot;stretch_section&quot;:&quot;section-stretched&quot;}\">\n\t\t\t\t\t\t<div class=\"elementor-container elementor-column-gap-default\">\n\t\t\t\t\t<div class=\"elementor-column elementor-col-50 elementor-top-column elementor-element elementor-element-ebc54d2\" data-id=\"ebc54d2\" data-element_type=\"column\">\n\t\t\t<div class=\"elementor-widget-wrap elementor-element-populated\">\n\t\t\t\t\t\t<div class=\"elementor-element elementor-element-8f04f03 elementor-absolute elementor-widget elementor-widget-image\" data-id=\"8f04f03\" data-element_type=\"widget\" data-settings=\"{&quot;_position&quot;:&quot;absolute&quot;}\" data-widget_type=\"image.default\">\n\t\t\t\t<div class=\"elementor-widget-container\">\n\t\t\t\t\t\t\t\t\t\t\t\t\t\t\t<img decoding=\"async\" width=\"150\" height=\"150\" data-src=\"https:\/\/www.lrproducts.net\/wp-content\/uploads\/2023\/01\/Logo_Circular_Positive_Industry_2022_-socios-web-3-150x150.png\" class=\"attachment-thumbnail size-thumbnail wp-image-1685 lazyload\" alt=\"\" data-srcset=\"https:\/\/www.lrproducts.net\/wp-content\/uploads\/2023\/01\/Logo_Circular_Positive_Industry_2022_-socios-web-3-150x150.png 150w, https:\/\/www.lrproducts.net\/wp-content\/uploads\/2023\/01\/Logo_Circular_Positive_Industry_2022_-socios-web-3-300x300.png 300w, https:\/\/www.lrproducts.net\/wp-content\/uploads\/2023\/01\/Logo_Circular_Positive_Industry_2022_-socios-web-3-100x100.png 100w, https:\/\/www.lrproducts.net\/wp-content\/uploads\/2023\/01\/Logo_Circular_Positive_Industry_2022_-socios-web-3-600x601.png 600w, https:\/\/www.lrproducts.net\/wp-content\/uploads\/2023\/01\/Logo_Circular_Positive_Industry_2022_-socios-web-3-1024x1024.png 1024w, https:\/\/www.lrproducts.net\/wp-content\/uploads\/2023\/01\/Logo_Circular_Positive_Industry_2022_-socios-web-3-768x769.png 768w, https:\/\/www.lrproducts.net\/wp-content\/uploads\/2023\/01\/Logo_Circular_Positive_Industry_2022_-socios-web-3-1536x1536.png 1536w, https:\/\/www.lrproducts.net\/wp-content\/uploads\/2023\/01\/Logo_Circular_Positive_Industry_2022_-socios-web-3-2046x2048.png 2046w, https:\/\/www.lrproducts.net\/wp-content\/uploads\/2023\/01\/Logo_Circular_Positive_Industry_2022_-socios-web-3-12x12.png 12w, https:\/\/www.lrproducts.net\/wp-content\/uploads\/2023\/01\/Logo_Circular_Positive_Industry_2022_-socios-web-3-65x65.png 65w\" data-sizes=\"(max-width: 150px) 100vw, 150px\" src=\"data:image\/svg+xml;base64,PHN2ZyB3aWR0aD0iMSIgaGVpZ2h0PSIxIiB4bWxucz0iaHR0cDovL3d3dy53My5vcmcvMjAwMC9zdmciPjwvc3ZnPg==\" style=\"--smush-placeholder-width: 150px; --smush-placeholder-aspect-ratio: 150\/150;\" \/>\t\t\t\t\t\t\t\t\t\t\t\t\t\t\t<\/div>\n\t\t\t\t<\/div>\n\t\t\t\t<div class=\"elementor-element elementor-element-d493230 elementor-widget elementor-widget-image\" data-id=\"d493230\" data-element_type=\"widget\" data-widget_type=\"image.default\">\n\t\t\t\t<div class=\"elementor-widget-container\">\n\t\t\t\t\t\t\t\t\t\t\t\t\t\t\t<img fetchpriority=\"high\" decoding=\"async\" width=\"555\" height=\"598\" src=\"https:\/\/www.lrproducts.net\/wp-content\/uploads\/2020\/03\/COMPOSICIO-EMPRESA.jpg\" class=\"attachment-large size-large wp-image-116\" alt=\"\" srcset=\"https:\/\/www.lrproducts.net\/wp-content\/uploads\/2020\/03\/COMPOSICIO-EMPRESA.jpg 555w, https:\/\/www.lrproducts.net\/wp-content\/uploads\/2020\/03\/COMPOSICIO-EMPRESA-278x300.jpg 278w\" sizes=\"(max-width: 555px) 100vw, 555px\" \/>\t\t\t\t\t\t\t\t\t\t\t\t\t\t\t<\/div>\n\t\t\t\t<\/div>\n\t\t\t\t\t<\/div>\n\t\t<\/div>\n\t\t\t\t<div class=\"elementor-column elementor-col-50 elementor-top-column elementor-element elementor-element-bc24cf6\" data-id=\"bc24cf6\" data-element_type=\"column\">\n\t\t\t<div class=\"elementor-widget-wrap elementor-element-populated\">\n\t\t\t\t\t\t<div class=\"elementor-element elementor-element-bed5da9 elementor-widget elementor-widget-text-editor\" data-id=\"bed5da9\" data-element_type=\"widget\" data-widget_type=\"text-editor.default\">\n\t\t\t\t<div class=\"elementor-widget-container\">\n\t\t\t\t\t\t\t\t\t<p><strong>lr.products)<\/strong>\u00a0fue creada en el a\u00f1o 2001 en Girona, con el \u00e1nimo de dise\u00f1ar y producir equipos perif\u00e9ricos innovadores de la m\u00e1xima calidad, para la industria de la conversi\u00f3n del embalaje flexible.<\/p><p>En la actualidad disponemos de equipos instalados en multitud de pa\u00edses del mundo, con clientes de referencia plenamente satisfechos. Mediante una extensa red de representantes y distribuidores, estamos en contacto con nuestros clientes all\u00ed donde se encuentren.<\/p><p>Somos <strong>Positive<\/strong>\u00a0<strong>Industry<\/strong>, la industria positiva, miembros de la agruapci\u00f3n de industrias exportadoras <strong><em>amec<\/em><\/strong>.<\/p><p>Y trabajamos para que nuestras acciones siempre sumen al ecosistema empresarial, a la sociedad y al planeta.<\/p><p>Nos comprometemos a:\u00a0<\/p><p>-Actuar con anticipaci\u00f3n por el bien del ecosistema y de la comunidad que representamos.\u00a0<\/p><p>-Adaptarnos r\u00e1pidamente y de la forma m\u00e1s amable a un entorno cambiante.\u00a0<\/p><p>-Colaborar con empresas, entidades y sociedad cuando podamos contribuir al bien colectivo.\u00a0<\/p><p>-Entender que nuestra actuaci\u00f3n trasciende al mundo,<\/p><p>-Pensar en global pero tambi\u00e9n actuar en local.<\/p><p>-Garantizar la sostenibilidad como el \u00fanico camino para el progreso.<\/p><p>\u00a0<\/p><p>Kind regards.<\/p>\t\t\t\t\t\t\t\t<\/div>\n\t\t\t\t<\/div>\n\t\t\t\t\t<\/div>\n\t\t<\/div>\n\t\t\t\t\t<\/div>\n\t\t<\/section>\n\t\t\t\t<\/div>","protected":false},"excerpt":{"rendered":"<p>\u00bfQui\u00e9nes somos? lr.products)\u00a0fue creada en el a\u00f1o 2001 en Girona, con el \u00e1nimo de dise\u00f1ar y producir equipos perif\u00e9ricos innovadores de la m\u00e1xima calidad, para la industria de la conversi\u00f3n del embalaje flexible. En la actualidad disponemos de equipos instalados en multitud de pa\u00edses del mundo, con clientes de referencia plenamente satisfechos. Mediante una extensa &#8230; <a title=\"Company\" class=\"read-more\" href=\"https:\/\/www.lrproducts.net\/eng\/empresa\/\" aria-label=\"Read more about Empresa\">Read more<\/a><\/p>","protected":false},"author":1,"featured_media":0,"parent":0,"menu_order":0,"comment_status":"closed","ping_status":"closed","template":"","meta":{"footnotes":""},"class_list":["post-113","page","type-page","status-publish"],"_links":{"self":[{"href":"https:\/\/www.lrproducts.net\/eng\/wp-json\/wp\/v2\/pages\/113","targetHints":{"allow":["GET"]}}],"collection":[{"href":"https:\/\/www.lrproducts.net\/eng\/wp-json\/wp\/v2\/pages"}],"about":[{"href":"https:\/\/www.lrproducts.net\/eng\/wp-json\/wp\/v2\/types\/page"}],"author":[{"embeddable":true,"href":"https:\/\/www.lrproducts.net\/eng\/wp-json\/wp\/v2\/users\/1"}],"replies":[{"embeddable":true,"href":"https:\/\/www.lrproducts.net\/eng\/wp-json\/wp\/v2\/comments?post=113"}],"version-history":[{"count":51,"href":"https:\/\/www.lrproducts.net\/eng\/wp-json\/wp\/v2\/pages\/113\/revisions"}],"predecessor-version":[{"id":1747,"href":"https:\/\/www.lrproducts.net\/eng\/wp-json\/wp\/v2\/pages\/113\/revisions\/1747"}],"wp:attachment":[{"href":"https:\/\/www.lrproducts.net\/eng\/wp-json\/wp\/v2\/media?parent=113"}],"curies":[{"name":"wp","href":"https:\/\/api.w.org\/{rel}","templated":true}]}}