{"id":315,"date":"2020-04-06T08:41:48","date_gmt":"2020-04-06T08:41:48","guid":{"rendered":"http:\/\/localhost:81\/lrweb\/?page_id=315"},"modified":"2021-09-20T06:05:47","modified_gmt":"2021-09-20T06:05:47","slug":"equipos-bombeo-y-limpieza","status":"publish","type":"page","link":"https:\/\/www.lrproducts.net\/eng\/equipos\/equipos-bombeo-y-limpieza\/","title":{"rendered":"Pumping and cleaning equipment"},"content":{"rendered":"<div data-elementor-type=\"wp-page\" data-elementor-id=\"315\" class=\"elementor elementor-315\">\n\t\t\t\t\t\t<section class=\"elementor-section elementor-top-section elementor-element elementor-element-b8bf0c3 elementor-section-stretched elementor-section-boxed elementor-section-height-default elementor-section-height-default\" data-id=\"b8bf0c3\" data-element_type=\"section\" data-settings=\"{&quot;stretch_section&quot;:&quot;section-stretched&quot;,&quot;background_background&quot;:&quot;classic&quot;}\">\n\t\t\t\t\t\t\t<div class=\"elementor-background-overlay\"><\/div>\n\t\t\t\t\t\t\t<div class=\"elementor-container elementor-column-gap-default\">\n\t\t\t\t\t<div class=\"elementor-column elementor-col-100 elementor-top-column elementor-element elementor-element-a95476e\" data-id=\"a95476e\" data-element_type=\"column\">\n\t\t\t<div class=\"elementor-widget-wrap elementor-element-populated\">\n\t\t\t\t\t\t<div class=\"elementor-element elementor-element-308e530 elementor-widget elementor-widget-text-editor\" data-id=\"308e530\" data-element_type=\"widget\" data-widget_type=\"text-editor.default\">\n\t\t\t\t<div class=\"elementor-widget-container\">\n\t\t\t\t\t\t\t\t\t<p><strong>Pumping and <\/strong><strong>cleaning equipment<\/strong><\/p>\t\t\t\t\t\t\t\t<\/div>\n\t\t\t\t<\/div>\n\t\t\t\t\t<\/div>\n\t\t<\/div>\n\t\t\t\t\t<\/div>\n\t\t<\/section>\n\t\t\t\t<section class=\"elementor-section elementor-top-section elementor-element elementor-element-5e4f337 elementor-section-stretched elementor-section-boxed elementor-section-height-default elementor-section-height-default\" data-id=\"5e4f337\" data-element_type=\"section\" data-settings=\"{&quot;stretch_section&quot;:&quot;section-stretched&quot;}\">\n\t\t\t\t\t\t<div class=\"elementor-container elementor-column-gap-default\">\n\t\t\t\t\t<div class=\"elementor-column elementor-col-25 elementor-top-column elementor-element elementor-element-7494e56\" data-id=\"7494e56\" data-element_type=\"column\">\n\t\t\t<div class=\"elementor-widget-wrap elementor-element-populated\">\n\t\t\t\t\t\t<div class=\"elementor-element elementor-element-d664c3f elementor-widget elementor-widget-e_image_hover_effects\" data-id=\"d664c3f\" data-element_type=\"widget\" data-widget_type=\"e_image_hover_effects.default\">\n\t\t\t\t<div class=\"elementor-widget-container\">\n\t\t\t\t\t\t\t\t<a href=\"https:\/\/www.lrproducts.net\/eng\/2020\/04\/02\/autowash-bombeo-y-limpieza-automatica\/\">\n\t\t\t\t\t<div class=\"eihe-box eihe-fade-in-up eihe_\">\n\t\t\t\t<img fetchpriority=\"high\" decoding=\"async\" width=\"572\" height=\"552\" src=\"https:\/\/www.lrproducts.net\/wp-content\/uploads\/2020\/04\/equip-autowash.jpg\" class=\"attachment-full size-full wp-image-222\" alt=\"\" srcset=\"https:\/\/www.lrproducts.net\/wp-content\/uploads\/2020\/04\/equip-autowash.jpg 572w, https:\/\/www.lrproducts.net\/wp-content\/uploads\/2020\/04\/equip-autowash-300x290.jpg 300w, https:\/\/www.lrproducts.net\/wp-content\/uploads\/2020\/04\/equip-autowash-500x483.jpg 500w\" sizes=\"(max-width: 572px) 100vw, 572px\" \/>\t\t\t\t<div class=\"eihe-caption\">\n\t\t\t\t\t<div class=\"eihe-title-cover\">\n\t\t\t\t\t\t\t\t\t\t\t\t<h5 class=\"eihe-title\">AUTOWASH<\/h5>\n\t\t\t\t\t\t\t\t\t\t\t<\/div>\n\t\t\t\t\t<p>Automatic pumping and cleaning<\/p>\n\t\t\t\t<\/div>\n\t\t\t<\/div>\n\t\t\t\t\t<\/a>\n\t\t\t\t\t\t<\/div>\n\t\t\t\t<\/div>\n\t\t\t\t\t<\/div>\n\t\t<\/div>\n\t\t\t\t<div class=\"elementor-column elementor-col-25 elementor-top-column elementor-element elementor-element-511673e\" data-id=\"511673e\" data-element_type=\"column\">\n\t\t\t<div class=\"elementor-widget-wrap elementor-element-populated\">\n\t\t\t\t\t\t<div class=\"elementor-element elementor-element-746b79a elementor-widget elementor-widget-e_image_hover_effects\" data-id=\"746b79a\" data-element_type=\"widget\" data-widget_type=\"e_image_hover_effects.default\">\n\t\t\t\t<div class=\"elementor-widget-container\">\n\t\t\t\t\t\t\t\t<a href=\"https:\/\/www.lrproducts.net\/eng\/2020\/03\/30\/sincroclean\/\">\n\t\t\t\t\t<div class=\"eihe-box eihe-fade-in-up eihe_\">\n\t\t\t\t<img decoding=\"async\" width=\"572\" height=\"552\" data-src=\"https:\/\/www.lrproducts.net\/wp-content\/uploads\/2020\/04\/Sincroclean-equip.jpg\" class=\"attachment-full size-full wp-image-263 lazyload\" alt=\"\" data-srcset=\"https:\/\/www.lrproducts.net\/wp-content\/uploads\/2020\/04\/Sincroclean-equip.jpg 572w, https:\/\/www.lrproducts.net\/wp-content\/uploads\/2020\/04\/Sincroclean-equip-300x290.jpg 300w\" data-sizes=\"(max-width: 572px) 100vw, 572px\" src=\"data:image\/svg+xml;base64,PHN2ZyB3aWR0aD0iMSIgaGVpZ2h0PSIxIiB4bWxucz0iaHR0cDovL3d3dy53My5vcmcvMjAwMC9zdmciPjwvc3ZnPg==\" style=\"--smush-placeholder-width: 572px; --smush-placeholder-aspect-ratio: 572\/552;\" \/>\t\t\t\t<div class=\"eihe-caption\">\n\t\t\t\t\t<div class=\"eihe-title-cover\">\n\t\t\t\t\t\t\t\t\t\t\t\t<h5 class=\"eihe-title\">SINCROCLEAN<\/h5>\n\t\t\t\t\t\t\t\t\t\t\t<\/div>\n\t\t\t\t\t<p>Automatic pumping and washing system<\/p>\n\t\t\t\t<\/div>\n\t\t\t<\/div>\n\t\t\t\t\t<\/a>\n\t\t\t\t\t\t<\/div>\n\t\t\t\t<\/div>\n\t\t\t\t\t<\/div>\n\t\t<\/div>\n\t\t\t\t<div class=\"elementor-column elementor-col-25 elementor-top-column elementor-element elementor-element-0165642\" data-id=\"0165642\" data-element_type=\"column\">\n\t\t\t<div class=\"elementor-widget-wrap elementor-element-populated\">\n\t\t\t\t\t\t<div class=\"elementor-element elementor-element-510dbe8 elementor-widget elementor-widget-e_image_hover_effects\" data-id=\"510dbe8\" data-element_type=\"widget\" data-widget_type=\"e_image_hover_effects.default\">\n\t\t\t\t<div class=\"elementor-widget-container\">\n\t\t\t\t\t\t\t\t<a href=\"https:\/\/www.lrproducts.net\/eng\/2021\/09\/17\/autowash-sincro\/\">\n\t\t\t\t\t<div class=\"eihe-box eihe-fade-in-up eihe_\">\n\t\t\t\t<img decoding=\"async\" width=\"300\" height=\"290\" data-src=\"https:\/\/www.lrproducts.net\/wp-content\/uploads\/2021\/09\/autowashSINCRO2-300x290.jpg\" class=\"attachment-medium size-medium wp-image-1326 lazyload\" alt=\"\" data-srcset=\"https:\/\/www.lrproducts.net\/wp-content\/uploads\/2021\/09\/autowashSINCRO2-300x290.jpg 300w, https:\/\/www.lrproducts.net\/wp-content\/uploads\/2021\/09\/autowashSINCRO2-12x12.jpg 12w, https:\/\/www.lrproducts.net\/wp-content\/uploads\/2021\/09\/autowashSINCRO2.jpg 572w\" data-sizes=\"(max-width: 300px) 100vw, 300px\" src=\"data:image\/svg+xml;base64,PHN2ZyB3aWR0aD0iMSIgaGVpZ2h0PSIxIiB4bWxucz0iaHR0cDovL3d3dy53My5vcmcvMjAwMC9zdmciPjwvc3ZnPg==\" style=\"--smush-placeholder-width: 300px; --smush-placeholder-aspect-ratio: 300\/290;\" \/>\t\t\t\t<div class=\"eihe-caption\">\n\t\t\t\t\t<div class=\"eihe-title-cover\">\n\t\t\t\t\t\t\t\t\t\t\t\t<h5 class=\"eihe-title\">AUTOWASH SINCRO<\/h5>\n\t\t\t\t\t\t\t\t\t\t\t<\/div>\n\t\t\t\t\t<p>Sistema de limpieza autom\u00e1tica<\/p>\n\t\t\t\t<\/div>\n\t\t\t<\/div>\n\t\t\t\t\t<\/a>\n\t\t\t\t\t\t<\/div>\n\t\t\t\t<\/div>\n\t\t\t\t\t<\/div>\n\t\t<\/div>\n\t\t\t\t<div class=\"elementor-column elementor-col-25 elementor-top-column elementor-element elementor-element-6ed09ad\" data-id=\"6ed09ad\" data-element_type=\"column\">\n\t\t\t<div class=\"elementor-widget-wrap\">\n\t\t\t\t\t\t\t<\/div>\n\t\t<\/div>\n\t\t\t\t\t<\/div>\n\t\t<\/section>\n\t\t\t\t<\/div>","protected":false},"excerpt":{"rendered":"<p>Equipos de bombeo y limpieza AUTOWASH bombeo y limpieza autom\u00e1tica SINCROCLEAN sistema de bombeo y lavado autom\u00e1tico AUTOWASH SINCRO Sistema de limpieza autom\u00e1tica<\/p>","protected":false},"author":1,"featured_media":0,"parent":45,"menu_order":0,"comment_status":"closed","ping_status":"closed","template":"","meta":{"footnotes":""},"class_list":["post-315","page","type-page","status-publish"],"_links":{"self":[{"href":"https:\/\/www.lrproducts.net\/eng\/wp-json\/wp\/v2\/pages\/315","targetHints":{"allow":["GET"]}}],"collection":[{"href":"https:\/\/www.lrproducts.net\/eng\/wp-json\/wp\/v2\/pages"}],"about":[{"href":"https:\/\/www.lrproducts.net\/eng\/wp-json\/wp\/v2\/types\/page"}],"author":[{"embeddable":true,"href":"https:\/\/www.lrproducts.net\/eng\/wp-json\/wp\/v2\/users\/1"}],"replies":[{"embeddable":true,"href":"https:\/\/www.lrproducts.net\/eng\/wp-json\/wp\/v2\/comments?post=315"}],"version-history":[{"count":25,"href":"https:\/\/www.lrproducts.net\/eng\/wp-json\/wp\/v2\/pages\/315\/revisions"}],"predecessor-version":[{"id":1327,"href":"https:\/\/www.lrproducts.net\/eng\/wp-json\/wp\/v2\/pages\/315\/revisions\/1327"}],"up":[{"embeddable":true,"href":"https:\/\/www.lrproducts.net\/eng\/wp-json\/wp\/v2\/pages\/45"}],"wp:attachment":[{"href":"https:\/\/www.lrproducts.net\/eng\/wp-json\/wp\/v2\/media?parent=315"}],"curies":[{"name":"wp","href":"https:\/\/api.w.org\/{rel}","templated":true}]}}